{"id":1469,"date":"2017-02-25T01:29:02","date_gmt":"2017-02-25T00:29:02","guid":{"rendered":"http:\/\/herbergsvater.de\/WordPress_01\/?page_id=1469"},"modified":"2026-04-02T13:22:39","modified_gmt":"2026-04-02T12:22:39","slug":"2002-2","status":"publish","type":"page","link":"http:\/\/herbergsvater.de\/?page_id=1469","title":{"rendered":"2002"},"content":{"rendered":"<p><a href=\"http:\/\/herbergsvater.de\/?page_id=1467\">&lt; 2001<\/a> &nbsp;&nbsp;&nbsp; <a href=\"http:\/\/herbergsvater.de\/?page_id=1471\">2003 &gt;<\/a><\/p>\n<p><span style=\"color: #808080; font-size: 18pt;\">Unsere Termine in 2002<\/span><\/p>\n<p><strong>09.11.2002 <\/strong>(Samstag, 20:00 Uhr)<em><br \/>\n<\/em><em>86150 Augsburg<br \/>\nRiegele Honky Tonk-Festival<br \/>\nPeaches<br \/>\nMaximilianstra\u00dfe<\/em><em>&nbsp;<\/em><\/p>\n<p><strong><em>03.10<\/em>.2002 <\/strong>(Donnerstag, 20:00 Uhr)<em><br \/>\n85356 Flughafen M\u00fcnchen, Hallbergmoos<br \/>\nAirbr\u00e4u<br \/>\nim MAC, zwischen den Terminals<br \/>\n<\/em><\/p>\n<p><strong>17.05.2002 <\/strong>(Freitag, 20:00 Uhr)<em><br \/>\n92237 Sulzbach-Rosenberg<br \/>\nFestzelt (ehem. Brauereigel\u00e4nde)<\/em><\/p>\n<p><strong>11.02.2002 <\/strong>(Montag, 20:00 Uhr)<em><br \/>\n85244 R\u00f6hrmoos \/ Sch\u00f6nbrunn bei Dachau<br \/>\nFasching im Franziskuswerk<br \/>\nFranziskuswerk<br \/>\nPr\u00e4lat-Steininger-Stra\u00dfe 1<br \/>\n<\/em><\/p>\n<p><a href=\"http:\/\/herbergsvater.de\/?page_id=1467\">&lt; 2001<\/a> &nbsp;&nbsp;&nbsp; <a href=\"http:\/\/herbergsvater.de\/?page_id=1471\">2003 &gt;<\/a><\/p>\n","protected":false},"excerpt":{"rendered":"<p>&lt; 2001 &nbsp;&nbsp;&nbsp; 2003 &gt; Unsere Termine in 2002 09.11.2002 (Samstag, 20:00 Uhr) 86150 Augsburg Riegele Honky Tonk-Festival Peaches Maximilianstra\u00dfe&nbsp; 03.10.2002 (Donnerstag, 20:00 Uhr) 85356 Flughafen M\u00fcnchen, Hallbergmoos Airbr\u00e4u im MAC, zwischen den Terminals 17.05.2002 (Freitag, 20:00 Uhr) 92237 Sulzbach-Rosenberg Festzelt (ehem. Brauereigel\u00e4nde) 11.02.2002 (Montag, 20:00 Uhr) 85244 R\u00f6hrmoos \/ Sch\u00f6nbrunn bei Dachau Fasching im &hellip; <\/p>\n<p class=\"link-more\"><a href=\"http:\/\/herbergsvater.de\/?page_id=1469\" class=\"more-link\"><span class=\"screen-reader-text\">&#8222;2002&#8220;<\/span> weiterlesen<\/a><\/p>\n","protected":false},"author":1,"featured_media":0,"parent":33,"menu_order":7,"comment_status":"closed","ping_status":"closed","template":"","meta":{"ngg_post_thumbnail":0,"footnotes":""},"class_list":["post-1469","page","type-page","status-publish","hentry"],"_links":{"self":[{"href":"http:\/\/herbergsvater.de\/index.php?rest_route=\/wp\/v2\/pages\/1469","targetHints":{"allow":["GET"]}}],"collection":[{"href":"http:\/\/herbergsvater.de\/index.php?rest_route=\/wp\/v2\/pages"}],"about":[{"href":"http:\/\/herbergsvater.de\/index.php?rest_route=\/wp\/v2\/types\/page"}],"author":[{"embeddable":true,"href":"http:\/\/herbergsvater.de\/index.php?rest_route=\/wp\/v2\/users\/1"}],"replies":[{"embeddable":true,"href":"http:\/\/herbergsvater.de\/index.php?rest_route=%2Fwp%2Fv2%2Fcomments&post=1469"}],"version-history":[{"count":9,"href":"http:\/\/herbergsvater.de\/index.php?rest_route=\/wp\/v2\/pages\/1469\/revisions"}],"predecessor-version":[{"id":2568,"href":"http:\/\/herbergsvater.de\/index.php?rest_route=\/wp\/v2\/pages\/1469\/revisions\/2568"}],"up":[{"embeddable":true,"href":"http:\/\/herbergsvater.de\/index.php?rest_route=\/wp\/v2\/pages\/33"}],"wp:attachment":[{"href":"http:\/\/herbergsvater.de\/index.php?rest_route=%2Fwp%2Fv2%2Fmedia&parent=1469"}],"curies":[{"name":"wp","href":"https:\/\/api.w.org\/{rel}","templated":true}]}}