{"id":1471,"date":"2017-02-25T01:29:15","date_gmt":"2017-02-25T00:29:15","guid":{"rendered":"http:\/\/herbergsvater.de\/WordPress_01\/?page_id=1471"},"modified":"2026-04-02T13:23:07","modified_gmt":"2026-04-02T12:23:07","slug":"2003-2","status":"publish","type":"page","link":"http:\/\/herbergsvater.de\/?page_id=1471","title":{"rendered":"2003"},"content":{"rendered":"<p><a href=\"http:\/\/herbergsvater.de\/?page_id=1469\">&lt; 2002<\/a> &nbsp;&nbsp;&nbsp; <a href=\"http:\/\/herbergsvater.de\/?page_id=1475\">2004 &gt;<\/a><\/p>\n<p><span style=\"color: #808080; font-size: 18pt;\">Unsere Termine in 2003<\/span><\/p>\n<p><strong>19.07.2003 <\/strong>(Samstag, 22:00 Uhr)<em><br \/>\n84028 Landshut<br \/>\nAltstadtfest<br \/>\nauf dem Kollerparkplatz<br \/>\nAltstadt<\/em><\/p>\n<p><strong>18.07.2003 <\/strong>(Freitag, 22:00 Uhr)<em><br \/>\n94060 Pocking<br \/>\nB\u00fcrgerfest<br \/>\nFestplatz<\/em><\/p>\n<p><strong>24.05.2003 <\/strong>(Samstag, 20:00 Uhr)<em><br \/>\n81667 M\u00fcnchen<br \/>\nDie lange Nacht der Musik<br \/>\nCity Hilton M\u00fcnchen<br \/>\nRosenheimer Stra\u00dfe 15<\/em><\/p>\n<p><strong><em>02.05<\/em>.2003 <\/strong>(Freitag, 20:00 Uhr)<em><br \/>\n84032 Landshut<br \/>\nMusikparty<br \/>\nGESCHLOSSENE VERANSTALTUNG<br \/>\n<\/em><\/p>\n<p><strong>24.04.2003 <\/strong>(Samstag, 20:00 Uhr)<em><br \/>\n90402 N\u00fcrnberg<br \/>\nKneipenfest<br \/>\nChill Out<\/em><\/p>\n<p><strong>13.02.2003 <\/strong>(Donnerstag, 20:00 Uhr)<em><br \/>\n85057 Ingolstadt<br \/>\nNDW-Party<br \/>\nWestparkbr\u00e4u<br \/>\nAm Westpark 6<br \/>\n<\/em><\/p>\n<p><a href=\"http:\/\/herbergsvater.de\/?page_id=1469\">&lt; 2002<\/a> &nbsp;&nbsp;&nbsp; <a href=\"http:\/\/herbergsvater.de\/?page_id=1475\">2004 &gt;<\/a><\/p>\n","protected":false},"excerpt":{"rendered":"<p>&lt; 2002 &nbsp;&nbsp;&nbsp; 2004 &gt; Unsere Termine in 2003 19.07.2003 (Samstag, 22:00 Uhr) 84028 Landshut Altstadtfest auf dem Kollerparkplatz Altstadt 18.07.2003 (Freitag, 22:00 Uhr) 94060 Pocking B\u00fcrgerfest Festplatz 24.05.2003 (Samstag, 20:00 Uhr) 81667 M\u00fcnchen Die lange Nacht der Musik City Hilton M\u00fcnchen Rosenheimer Stra\u00dfe 15 02.05.2003 (Freitag, 20:00 Uhr) 84032 Landshut Musikparty GESCHLOSSENE VERANSTALTUNG 24.04.2003 &hellip; <\/p>\n<p class=\"link-more\"><a href=\"http:\/\/herbergsvater.de\/?page_id=1471\" class=\"more-link\"><span class=\"screen-reader-text\">&#8222;2003&#8220;<\/span> weiterlesen<\/a><\/p>\n","protected":false},"author":1,"featured_media":0,"parent":33,"menu_order":8,"comment_status":"closed","ping_status":"closed","template":"","meta":{"ngg_post_thumbnail":0,"footnotes":""},"class_list":["post-1471","page","type-page","status-publish","hentry"],"_links":{"self":[{"href":"http:\/\/herbergsvater.de\/index.php?rest_route=\/wp\/v2\/pages\/1471","targetHints":{"allow":["GET"]}}],"collection":[{"href":"http:\/\/herbergsvater.de\/index.php?rest_route=\/wp\/v2\/pages"}],"about":[{"href":"http:\/\/herbergsvater.de\/index.php?rest_route=\/wp\/v2\/types\/page"}],"author":[{"embeddable":true,"href":"http:\/\/herbergsvater.de\/index.php?rest_route=\/wp\/v2\/users\/1"}],"replies":[{"embeddable":true,"href":"http:\/\/herbergsvater.de\/index.php?rest_route=%2Fwp%2Fv2%2Fcomments&post=1471"}],"version-history":[{"count":9,"href":"http:\/\/herbergsvater.de\/index.php?rest_route=\/wp\/v2\/pages\/1471\/revisions"}],"predecessor-version":[{"id":2569,"href":"http:\/\/herbergsvater.de\/index.php?rest_route=\/wp\/v2\/pages\/1471\/revisions\/2569"}],"up":[{"embeddable":true,"href":"http:\/\/herbergsvater.de\/index.php?rest_route=\/wp\/v2\/pages\/33"}],"wp:attachment":[{"href":"http:\/\/herbergsvater.de\/index.php?rest_route=%2Fwp%2Fv2%2Fmedia&parent=1471"}],"curies":[{"name":"wp","href":"https:\/\/api.w.org\/{rel}","templated":true}]}}