{"id":1495,"date":"2017-02-25T01:33:24","date_gmt":"2017-02-25T00:33:24","guid":{"rendered":"http:\/\/herbergsvater.de\/WordPress_01\/?page_id=1495"},"modified":"2022-10-03T12:25:23","modified_gmt":"2022-10-03T11:25:23","slug":"2014-2","status":"publish","type":"page","link":"http:\/\/herbergsvater.de\/?page_id=1495","title":{"rendered":"2014"},"content":{"rendered":"<p><a href=\"http:\/\/herbergsvater.de\/?page_id=1493\">&lt; 2013<\/a> &nbsp;&nbsp;&nbsp; <a href=\"http:\/\/herbergsvater.de\/?page_id=1447\">2015 &gt;<\/a><\/p>\n<p><span style=\"color: #808080; font-size: 18pt;\">Unsere Termine in 2014<\/span><\/p>\n<p><strong>01.03.2014 <\/strong>(Samstag, 20:00 Uhr)<br \/>\n<em><span style=\"color: #000000;\">85244 Sch\u00f6nbrunn bei Dachau (R\u00f6hrmoos)<br \/>\nFaschingsveranstaltung<br \/>\nFranziskuswerk Sch\u00f6nbrunn<\/span><\/em><\/p>\n<p><a href=\"http:\/\/herbergsvater.de\/?page_id=1493\">&lt; 2013<\/a> &nbsp;&nbsp;&nbsp; <a href=\"http:\/\/herbergsvater.de\/?page_id=1447\">2015 &gt;<\/a><\/p>\n","protected":false},"excerpt":{"rendered":"<p>&lt; 2013 &nbsp;&nbsp;&nbsp; 2015 &gt; Unsere Termine in 2014 01.03.2014 (Samstag, 20:00 Uhr) 85244 Sch\u00f6nbrunn bei Dachau (R\u00f6hrmoos) Faschingsveranstaltung Franziskuswerk Sch\u00f6nbrunn &lt; 2013 &nbsp;&nbsp;&nbsp; 2015 &gt;<\/p>\n","protected":false},"author":1,"featured_media":0,"parent":33,"menu_order":19,"comment_status":"closed","ping_status":"closed","template":"","meta":{"ngg_post_thumbnail":0,"footnotes":""},"class_list":["post-1495","page","type-page","status-publish","hentry"],"_links":{"self":[{"href":"http:\/\/herbergsvater.de\/index.php?rest_route=\/wp\/v2\/pages\/1495","targetHints":{"allow":["GET"]}}],"collection":[{"href":"http:\/\/herbergsvater.de\/index.php?rest_route=\/wp\/v2\/pages"}],"about":[{"href":"http:\/\/herbergsvater.de\/index.php?rest_route=\/wp\/v2\/types\/page"}],"author":[{"embeddable":true,"href":"http:\/\/herbergsvater.de\/index.php?rest_route=\/wp\/v2\/users\/1"}],"replies":[{"embeddable":true,"href":"http:\/\/herbergsvater.de\/index.php?rest_route=%2Fwp%2Fv2%2Fcomments&post=1495"}],"version-history":[{"count":7,"href":"http:\/\/herbergsvater.de\/index.php?rest_route=\/wp\/v2\/pages\/1495\/revisions"}],"predecessor-version":[{"id":2019,"href":"http:\/\/herbergsvater.de\/index.php?rest_route=\/wp\/v2\/pages\/1495\/revisions\/2019"}],"up":[{"embeddable":true,"href":"http:\/\/herbergsvater.de\/index.php?rest_route=\/wp\/v2\/pages\/33"}],"wp:attachment":[{"href":"http:\/\/herbergsvater.de\/index.php?rest_route=%2Fwp%2Fv2%2Fmedia&parent=1495"}],"curies":[{"name":"wp","href":"https:\/\/api.w.org\/{rel}","templated":true}]}}