{"id":1989,"date":"2021-10-06T00:37:53","date_gmt":"2021-10-05T23:37:53","guid":{"rendered":"http:\/\/herbergsvater.de\/?page_id=1989"},"modified":"2023-02-14T15:01:49","modified_gmt":"2023-02-14T14:01:49","slug":"2022-2","status":"publish","type":"page","link":"http:\/\/herbergsvater.de\/?page_id=1989","title":{"rendered":"2022"},"content":{"rendered":"<p><a href=\"http:\/\/herbergsvater.de\/?page_id=1987\">&lt; 2021<\/a> \u00a0 \u00a0\u00a0 <a href=\"http:\/\/herbergsvater.de\/?page_id=2042\">2023 &gt;<\/a><\/p>\n<p><span style=\"color: #808080; font-size: 18pt;\">Unsere Termine in 2022<\/span><\/p>\n<p><strong>15.07.2022 <\/strong>(Freitag, 22:30 Uhr)<br \/>\n<em><strong>Altstadtfest<\/strong><br \/>\n84034 Landshut<br \/>\nHauptb\u00fchne Martinskirche<br \/>\n<\/em><em>Altstadt<br \/>\n<\/em><\/p>\n<p><strong>29.10.2022 <\/strong>(Samstag, ab 20:30 Uhr)<br \/>\n<em><strong>Die Nacht der blauen Wunder<\/strong><br \/>\n84405 Dorfen<br \/>\nE3 Bar-Nachtcaf\u00e9 &amp; Eiskeller<br \/>\n<\/em>Erdinger Stra\u00dfe 14<br \/>\n08081 \/ 955480<br \/>\ninfo@e3dorfen.de<br \/>\nwww.e3dorfen.de<\/p>\n<p><a href=\"http:\/\/herbergsvater.de\/?page_id=1987\">&lt; 2021<\/a> \u00a0\u00a0\u00a0 <a href=\"http:\/\/herbergsvater.de\/?page_id=2042\">2023 &gt;<\/a><\/p>\n","protected":false},"excerpt":{"rendered":"<p>&lt; 2021 \u00a0 \u00a0\u00a0 2023 &gt; Unsere Termine in 2022 15.07.2022 (Freitag, 22:30 Uhr) Altstadtfest 84034 Landshut Hauptb\u00fchne Martinskirche Altstadt 29.10.2022 (Samstag, ab 20:30 Uhr) Die Nacht der blauen Wunder 84405 Dorfen E3 Bar-Nachtcaf\u00e9 &amp; Eiskeller Erdinger Stra\u00dfe 14 08081 \/ 955480 info@e3dorfen.de www.e3dorfen.de &lt; 2021 \u00a0\u00a0\u00a0 2023 &gt;<\/p>\n","protected":false},"author":1,"featured_media":0,"parent":0,"menu_order":0,"comment_status":"closed","ping_status":"closed","template":"","meta":{"ngg_post_thumbnail":0,"footnotes":""},"class_list":["post-1989","page","type-page","status-publish","hentry"],"_links":{"self":[{"href":"http:\/\/herbergsvater.de\/index.php?rest_route=\/wp\/v2\/pages\/1989","targetHints":{"allow":["GET"]}}],"collection":[{"href":"http:\/\/herbergsvater.de\/index.php?rest_route=\/wp\/v2\/pages"}],"about":[{"href":"http:\/\/herbergsvater.de\/index.php?rest_route=\/wp\/v2\/types\/page"}],"author":[{"embeddable":true,"href":"http:\/\/herbergsvater.de\/index.php?rest_route=\/wp\/v2\/users\/1"}],"replies":[{"embeddable":true,"href":"http:\/\/herbergsvater.de\/index.php?rest_route=%2Fwp%2Fv2%2Fcomments&post=1989"}],"version-history":[{"count":12,"href":"http:\/\/herbergsvater.de\/index.php?rest_route=\/wp\/v2\/pages\/1989\/revisions"}],"predecessor-version":[{"id":2053,"href":"http:\/\/herbergsvater.de\/index.php?rest_route=\/wp\/v2\/pages\/1989\/revisions\/2053"}],"wp:attachment":[{"href":"http:\/\/herbergsvater.de\/index.php?rest_route=%2Fwp%2Fv2%2Fmedia&parent=1989"}],"curies":[{"name":"wp","href":"https:\/\/api.w.org\/{rel}","templated":true}]}}