{"id":2067,"date":"2023-10-25T11:45:23","date_gmt":"2023-10-25T10:45:23","guid":{"rendered":"http:\/\/herbergsvater.de\/?page_id=2067"},"modified":"2026-04-02T13:29:17","modified_gmt":"2026-04-02T12:29:17","slug":"2024-2","status":"publish","type":"page","link":"http:\/\/herbergsvater.de\/?page_id=2067","title":{"rendered":"2024"},"content":{"rendered":"\n<p><a href=\"http:\/\/herbergsvater.de\/wp-admin\/edit.php?post_type=page\"><\/a><a href=\"http:\/\/herbergsvater.de\/?page_id=2042\" target=\"_blank\" rel=\"noreferrer noopener\"><\/a><\/p>\n\n\n\n<h1 class=\"wp-block-heading\"><\/h1>\n\n\n\n<p id=\"block-173d335d-c494-4569-a995-7612e2b867a9\"><a href=\"http:\/\/herbergsvater.de\/?page_id=2042\" data-type=\"page\" data-id=\"2042\">&lt; 2023<\/a>&nbsp;&nbsp;&nbsp;&nbsp;&nbsp;<a href=\"http:\/\/herbergsvater.de\/?page_id=2096\" data-type=\"page\" data-id=\"2096\">2025 &gt;<\/a><\/p>\n\n\n\n<p id=\"block-0259ca6a-47a6-4891-b667-039a99359a82\"><span style=\"font-size: 18pt; color: #808080;\">Unsere Termine in 2024<\/span><\/p>\n\n\n\n<p id=\"block-f12934d6-b570-46cb-92f7-62c98d3efab6\"><strong>09.02.2024 <\/strong>(Freitag, 21:00 Uhr)<br><em><strong>Rocket Club<\/strong> (ausverkauft)<br><\/em>Ladehofplatz 5<br>84030 Landshut<br><em><a href=\"https:\/\/www.rocketclub.de\/\" target=\"_blank\" rel=\"noreferrer noopener\">zur Website Rocketclub<\/a><\/em><br><\/p>\n\n\n\n<p id=\"block-90a97a7e-0272-4fc3-93fb-a3f4d4c8689a\"><strong>21.06.2024 <\/strong>(Freitag, Beginn noch nicht festgelegt)<br><em><strong>Rathausfest Wernigerode<\/strong><\/em><br><em>(EINTRITT FREI!)<\/em><br>Marktplatz<br>38855 Wernigerode<br><em><a href=\"https:\/\/www.wernigerode-tourismus.de\/erleben\/veranstaltungen\/rathausfest-wernigerode\/\" data-type=\"link\" data-id=\"https:\/\/www.wernigerode-tourismus.de\/erleben\/veranstaltungen\/rathausfest-wernigerode\/\" target=\"_blank\" rel=\"noreferrer noopener\">zur Website Rathausfest Wernigerode<\/a><\/em><br><br><strong>14.09.2024 <\/strong>(Samstag, ab 19:30 Uhr)<br><em><strong>Firmener\u00f6ffnung &#8222;Zweirad Holbl&#8220; in Blain\u00f6d<\/strong><\/em><br><em>(EINTRITT FREI!)<\/em><br>Blain\u00f6d 1<br>84416 Taufkirchen (Vils)<br><em><a href=\"https:\/\/www.zweiradholbl.de\/\">zur Website Zweirad Holbl<\/a><\/em><\/p>\n\n\n\n<p id=\"block-90a97a7e-0272-4fc3-93fb-a3f4d4c8689a\"><\/p>\n\n\n\n<p><strong>19.10.2024 <\/strong>(Samstag, ab 20:30 Uhr)<br><em><strong>Die Nacht der blauen Wunder<\/strong><br>84405 Dorfen<br>E3 Bar-Nachtcaf\u00e9 &amp; Eiskeller<br><\/em>Erdinger Stra\u00dfe 14<br>08081 \/ 955480<br>info@e3dorfen.de<br><em><a href=\"https:\/\/www.e3dorfen.de\/\">zur Website www.e3dorfen.de<\/a><\/em><br><br><a href=\"http:\/\/herbergsvater.de\/?page_id=2042\" data-type=\"page\" data-id=\"2042\">&lt; 2023<\/a>\u00a0\u00a0\u00a0\u00a0\u00a0<a href=\"http:\/\/herbergsvater.de\/?page_id=2096\" data-type=\"page\" data-id=\"2096\">2025 ><\/a><\/p>\n","protected":false},"excerpt":{"rendered":"<p>&lt; 2023&nbsp;&nbsp;&nbsp;&nbsp;&nbsp;2025 &gt; Unsere Termine in 2024 09.02.2024 (Freitag, 21:00 Uhr)Rocket Club (ausverkauft)Ladehofplatz 584030 Landshutzur Website Rocketclub 21.06.2024 (Freitag, Beginn noch nicht festgelegt)Rathausfest Wernigerode(EINTRITT FREI!)Marktplatz38855 Wernigerodezur Website Rathausfest Wernigerode 14.09.2024 (Samstag, ab 19:30 Uhr)Firmener\u00f6ffnung &#8222;Zweirad Holbl&#8220; in Blain\u00f6d(EINTRITT FREI!)Blain\u00f6d 184416 Taufkirchen (Vils)zur Website Zweirad Holbl 19.10.2024 (Samstag, ab 20:30 Uhr)Die Nacht der blauen Wunder84405 DorfenE3 &hellip; <\/p>\n<p class=\"link-more\"><a href=\"http:\/\/herbergsvater.de\/?page_id=2067\" class=\"more-link\"><span class=\"screen-reader-text\">&#8222;2024&#8220;<\/span> weiterlesen<\/a><\/p>\n","protected":false},"author":1,"featured_media":0,"parent":0,"menu_order":0,"comment_status":"closed","ping_status":"closed","template":"","meta":{"ngg_post_thumbnail":0,"footnotes":""},"class_list":["post-2067","page","type-page","status-publish","hentry"],"_links":{"self":[{"href":"http:\/\/herbergsvater.de\/index.php?rest_route=\/wp\/v2\/pages\/2067","targetHints":{"allow":["GET"]}}],"collection":[{"href":"http:\/\/herbergsvater.de\/index.php?rest_route=\/wp\/v2\/pages"}],"about":[{"href":"http:\/\/herbergsvater.de\/index.php?rest_route=\/wp\/v2\/types\/page"}],"author":[{"embeddable":true,"href":"http:\/\/herbergsvater.de\/index.php?rest_route=\/wp\/v2\/users\/1"}],"replies":[{"embeddable":true,"href":"http:\/\/herbergsvater.de\/index.php?rest_route=%2Fwp%2Fv2%2Fcomments&post=2067"}],"version-history":[{"count":15,"href":"http:\/\/herbergsvater.de\/index.php?rest_route=\/wp\/v2\/pages\/2067\/revisions"}],"predecessor-version":[{"id":2577,"href":"http:\/\/herbergsvater.de\/index.php?rest_route=\/wp\/v2\/pages\/2067\/revisions\/2577"}],"wp:attachment":[{"href":"http:\/\/herbergsvater.de\/index.php?rest_route=%2Fwp%2Fv2%2Fmedia&parent=2067"}],"curies":[{"name":"wp","href":"https:\/\/api.w.org\/{rel}","templated":true}]}}