{"id":10,"date":"2017-02-22T13:42:28","date_gmt":"2017-02-22T12:42:28","guid":{"rendered":"http:\/\/herbergsvater.de\/?page_id=10"},"modified":"2026-02-03T22:16:49","modified_gmt":"2026-02-03T21:16:49","slug":"informationen","status":"publish","type":"page","link":"https:\/\/herbergsvater.de\/?page_id=10","title":{"rendered":"Information"},"content":{"rendered":"<p><span style=\"color: #d8eff8; font-family: Verdana,Arial,Helvetica; font-size: small;\"><span style=\"color: #000000;\"><b>75 Jahre Erfahrung in der Musikbranche!<\/b><\/span><\/span><\/p>\n<p><span style=\"color: #000000;\"><span style=\"color: #000000;\"><b><img loading=\"lazy\" decoding=\"async\" class=\"alignnone wp-image-220 size-large\" src=\"http:\/\/herbergsvater.de\/WordPress_01\/wp-content\/uploads\/hbv_header-1024x614.jpg\" width=\"525\" height=\"315\" srcset=\"https:\/\/herbergsvater.de\/wp-content\/uploads\/hbv_header-1024x614.jpg 1024w, https:\/\/herbergsvater.de\/wp-content\/uploads\/hbv_header-150x90.jpg 150w, https:\/\/herbergsvater.de\/wp-content\/uploads\/hbv_header-300x180.jpg 300w, https:\/\/herbergsvater.de\/wp-content\/uploads\/hbv_header-768x461.jpg 768w, https:\/\/herbergsvater.de\/wp-content\/uploads\/hbv_header.jpg 2000w\" sizes=\"auto, (max-width: 525px) 100vw, 525px\" \/><br \/>\n<\/b><\/span><\/span><\/p>\n<p><span style=\"color: #000000;\">Neue Deutsche Welle?<\/span><br \/>\n<span style=\"color: #000000;\"> Das ist HERBERGSVATER aus Landshut!<\/span><\/p>\n<p><span style=\"color: #000000;\"> Mit lebendiger Spielfreude und Professionalit\u00e4t pr\u00e4sentieren die l\u00e4ngst als NDW-Legenden bezeichneten Damen und Herren von HERBERGSVATER die altbekannten Gassenhauer der NDW.<br \/>\nDoch das ist nicht genug: auch feine NDW-Schmankerl kommen nicht zu kurz! Vergessene Glanzst\u00fccke finden den Weg mit HERBERGSVATER zur\u00fcck auf die B\u00fchne.<\/span><\/p>\n<p><span style=\"color: #000000;\"> <b>Dominik Angerbauer<\/b> (Gesang, Gitarre)<br \/>\n<b>Elias Eiglstorfer<\/b> (Schlagzeug)<\/span><br \/>\n<span style=\"color: #000000;\"><b>Lenz Gra\u00dfl<\/b> (Keyboards, Gesang)<br \/>\n<b>Robert Dworschak<\/b> (Bass)<\/span><br \/>\n<span style=\"color: #000000;\"><b>Erwin Lehrl<\/b> (Gitarre, Gesang)<br \/>\n<b>Maike Panicke<\/b> (Gesang, Keyboards)<\/span><\/p>\n<p><span style=\"color: #000000;\"> gelingt es, die NDW neu erstrahlen zu lassen.<br \/>\nWer diese Musik liebt darf HERBERGSVATER nebst ungew\u00f6hnlicher B\u00fchnenshow nicht vers\u00e4umen! Eine Zeitreise in die 1980er Jahre mit gutem Gef\u00fchl. Wir sehen uns!<\/span><\/p>\n<p><span style=\"color: #000000;\"> Auftritte in der gesamten Republik, Engagements f\u00fcr SAT1.Fernsehen und Konzerte mit namhaften Acts wie den &#8222;Schr\u00f6ders&#8220; und der &#8222;Spider Murphy Gang&#8220; machten sogar den Spiegel (Ausgabe 25\/98) auf die Band aufmerksam.<\/span><\/p>\n","protected":false},"excerpt":{"rendered":"<p>75 Jahre Erfahrung in der Musikbranche! Neue Deutsche Welle? Das ist HERBERGSVATER aus Landshut! Mit lebendiger Spielfreude und Professionalit\u00e4t pr\u00e4sentieren die l\u00e4ngst als NDW-Legenden bezeichneten Damen und Herren von HERBERGSVATER die altbekannten Gassenhauer der NDW. Doch das ist nicht genug: auch feine NDW-Schmankerl kommen nicht zu kurz! Vergessene Glanzst\u00fccke finden den Weg mit HERBERGSVATER zur\u00fcck &hellip; <\/p>\n<p class=\"link-more\"><a href=\"https:\/\/herbergsvater.de\/?page_id=10\" class=\"more-link\"><span class=\"screen-reader-text\">&#8222;Information&#8220;<\/span> weiterlesen<\/a><\/p>\n","protected":false},"author":1,"featured_media":0,"parent":0,"menu_order":0,"comment_status":"closed","ping_status":"closed","template":"","meta":{"ngg_post_thumbnail":0,"footnotes":""},"class_list":["post-10","page","type-page","status-publish","hentry"],"_links":{"self":[{"href":"https:\/\/herbergsvater.de\/index.php?rest_route=\/wp\/v2\/pages\/10","targetHints":{"allow":["GET"]}}],"collection":[{"href":"https:\/\/herbergsvater.de\/index.php?rest_route=\/wp\/v2\/pages"}],"about":[{"href":"https:\/\/herbergsvater.de\/index.php?rest_route=\/wp\/v2\/types\/page"}],"author":[{"embeddable":true,"href":"https:\/\/herbergsvater.de\/index.php?rest_route=\/wp\/v2\/users\/1"}],"replies":[{"embeddable":true,"href":"https:\/\/herbergsvater.de\/index.php?rest_route=%2Fwp%2Fv2%2Fcomments&post=10"}],"version-history":[{"count":26,"href":"https:\/\/herbergsvater.de\/index.php?rest_route=\/wp\/v2\/pages\/10\/revisions"}],"predecessor-version":[{"id":2534,"href":"https:\/\/herbergsvater.de\/index.php?rest_route=\/wp\/v2\/pages\/10\/revisions\/2534"}],"wp:attachment":[{"href":"https:\/\/herbergsvater.de\/index.php?rest_route=%2Fwp%2Fv2%2Fmedia&parent=10"}],"curies":[{"name":"wp","href":"https:\/\/api.w.org\/{rel}","templated":true}]}}