{"id":1463,"date":"2017-02-25T01:26:47","date_gmt":"2017-02-25T00:26:47","guid":{"rendered":"http:\/\/herbergsvater.de\/WordPress_01\/?page_id=1463"},"modified":"2026-04-02T13:31:15","modified_gmt":"2026-04-02T12:31:15","slug":"1999-2","status":"publish","type":"page","link":"https:\/\/herbergsvater.de\/?page_id=1463","title":{"rendered":"1999"},"content":{"rendered":"<p><a href=\"http:\/\/herbergsvater.de\/?page_id=1461\">&lt; 1998<\/a> &nbsp;&nbsp;&nbsp; <a href=\"http:\/\/herbergsvater.de\/?page_id=1465\">2000 &gt;<\/a><\/p>\n<p><span style=\"color: #808080; font-size: 18pt;\">Unsere Termine in 1999<\/span><\/p>\n<p><strong>26.11.1999 <\/strong>(Freitag, 20:00 Uhr)<br \/>\n<em>84028 Landshut<br \/>\nMILA-MEGA-PARTY<br \/>\nJugendkulturzentrum Alte Kaserne<br \/>\nLiesl-Karlstadt-Weg 4<br \/>\n<\/em><\/p>\n<p><strong>20.10.1999 <\/strong>(Samstag, 20:00 Uhr)<br \/>\n<em>99310 Arnstadt bei Erfurt (Th\u00fcringen)<br \/>\nStadthalle<\/em><\/p>\n<p><strong>17.09.1999 <\/strong>(Freitag, 20:00 Uhr)<br \/>\n<em>84140 H\u00f6lsbrunn-Gangkofen<br \/>\nRockdisco&nbsp; Gasthof zur Post<br \/>\nH\u00f6lsbrunn 6<br \/>\n<\/em><\/p>\n<p><strong>12.09.1999 <\/strong>(Sonntag, 20:00 Uhr)<br \/>\n<em>37308 Heiligenstadt<br \/>\nStadtfest<br \/>\nGro\u00dfe B\u00fchne am Marktplatz<br \/>\nMarktplatz<\/em><\/p>\n<p><strong>11.09.1999 <\/strong>(Samstag, 20:00 Uhr)<br \/>\n<em>84166 Adlkofen<br \/>\nMusikcaf\u00e9 Wolperdinger<br \/>\nJenkofen 2<br \/>\n<\/em><\/p>\n<p><strong>10.09.1999 <\/strong>(Freitag, 16:00 Uhr)<br \/>\n<em>84028 Landshut<br \/>\nAbschlu\u00dfveranstaltung Sommerferienprogramm<br \/>\nJugendzentrum Poschinger Villa<br \/>\nGest\u00fctstra\u00dfe 6<br \/>\n<\/em><\/p>\n<p><strong>13.08.1999 <\/strong>(Freitag, 21:30 Uhr)<br \/>\n<em>89231 Neu-Ulm<br \/>\nCaf\u00e9 Fox<br \/>\nMemminger Stra\u00dfe 72\/213<br \/>\n<\/em><\/p>\n<p><strong>31.07.1999 <\/strong>(Samstag, 20:30 Uhr)<br \/>\n<em>84109 W\u00f6rth an der Isar<br \/>\nBeachparty<br \/>\nWakeboardanlage<br \/>\nLandshuter Stra\u00dfe 96<\/em><\/p>\n<p><strong>29.07.1999 <\/strong>(Donnerstag, 20:00 Uhr)<br \/>\n<em>80667 M\u00fcnchen<br \/>\nSommerfest \u201eTV m\u00fcnchen\u201c<br \/>\nGESCHLOSSENE GESELLSCHAFT<\/em><\/p>\n<p><strong>24.07.1999 <\/strong>(Samstag, 20:00 Uhr)<br \/>\n<em>84034 Landshut<br \/>\nAltstadtfest<br \/>\nKollerparkplatz<br \/>\nAltstadt<\/em><\/p>\n<p><strong>02.07.1999 <\/strong>(Freitag, 20:00 Uhr)<br \/>\n<em>84034 Landshut<br \/>\nEinweihung Hofbergtunnel<br \/>\nTunneleinfahrt Keramikerschule<\/em><em>&nbsp;<\/em><\/p>\n<p><strong>11.06.1999 <\/strong>(Freitag, 21:30 Uhr)<br \/>\n<em>89340 Leipheim<br \/>\nFestzelt<br \/>\nFestplatz<\/em><\/p>\n<p><strong>11.05.1999 <\/strong>(Dienstag, 20:00 Uhr)<br \/>\n<em>83536 Gars am Inn<br \/>\nFestzelt<br \/>\nFestplatz<\/em><\/p>\n<p><strong>17.04.1999 <\/strong>(Freitag, 20:00 Uhr)<br \/>\n<em>86720 N\u00f6rdlingen<br \/>\nDiscothek Metropolis<br \/>\nKaiserwiese<\/em><\/p>\n<p><strong>03.04.1999 <\/strong>(Samstag, 20:00 Uhr)<br \/>\n<em>83564 Soyen bei Wasserburg<br \/>\nTrattoria Miralago<br \/>\nDorfstra\u00dfe 4<br \/>\n<\/em><\/p>\n<p><strong>13.03.1999 <\/strong>(Samstag, 20:00 Uhr)<br \/>\n<em>69121 Heidelberg<br \/>\nSchwimmbad-Musikclub<br \/>\nTiergartenstra\u00dfe 13<br \/>\n<\/em><\/p>\n<p><strong>19.02.1999 <\/strong>(Samstag, 20:00 Uhr)<br \/>\n<em>85356 Freising<br \/>\nLindenkeller<br \/>\nK\u00f6lblstra\u00dfe 2<br \/>\n<\/em><\/p>\n<p><strong>15.02.1999 <\/strong>(Montag, 20:00 Uhr)<br \/>\n<em>83022 Rosenheim<br \/>\nAStA-Kneipe<br \/>\nHubertusstra\u00dfe 1<br \/>\n<\/em><\/p>\n<p><strong>13.02.1999 <\/strong>(Samstag, 20:00 Uhr)<br \/>\n<em>97833 Frammersbach<br \/>\nTurnhalle am Marktplatz<br \/>\nMarktplatz 1<\/em><\/p>\n<p><a href=\"http:\/\/herbergsvater.de\/?page_id=1461\">&lt; 1998<\/a> &nbsp;&nbsp;&nbsp; <a href=\"http:\/\/herbergsvater.de\/?page_id=1465\">2000 &gt;<\/a><\/p>\n","protected":false},"excerpt":{"rendered":"<p>&lt; 1998 &nbsp;&nbsp;&nbsp; 2000 &gt; Unsere Termine in 1999 26.11.1999 (Freitag, 20:00 Uhr) 84028 Landshut MILA-MEGA-PARTY Jugendkulturzentrum Alte Kaserne Liesl-Karlstadt-Weg 4 20.10.1999 (Samstag, 20:00 Uhr) 99310 Arnstadt bei Erfurt (Th\u00fcringen) Stadthalle 17.09.1999 (Freitag, 20:00 Uhr) 84140 H\u00f6lsbrunn-Gangkofen Rockdisco&nbsp; Gasthof zur Post H\u00f6lsbrunn 6 12.09.1999 (Sonntag, 20:00 Uhr) 37308 Heiligenstadt Stadtfest Gro\u00dfe B\u00fchne am Marktplatz Marktplatz &hellip; <\/p>\n<p class=\"link-more\"><a href=\"https:\/\/herbergsvater.de\/?page_id=1463\" class=\"more-link\"><span class=\"screen-reader-text\">&#8222;1999&#8220;<\/span> weiterlesen<\/a><\/p>\n","protected":false},"author":1,"featured_media":0,"parent":33,"menu_order":4,"comment_status":"closed","ping_status":"closed","template":"","meta":{"ngg_post_thumbnail":0,"footnotes":""},"class_list":["post-1463","page","type-page","status-publish","hentry"],"_links":{"self":[{"href":"https:\/\/herbergsvater.de\/index.php?rest_route=\/wp\/v2\/pages\/1463","targetHints":{"allow":["GET"]}}],"collection":[{"href":"https:\/\/herbergsvater.de\/index.php?rest_route=\/wp\/v2\/pages"}],"about":[{"href":"https:\/\/herbergsvater.de\/index.php?rest_route=\/wp\/v2\/types\/page"}],"author":[{"embeddable":true,"href":"https:\/\/herbergsvater.de\/index.php?rest_route=\/wp\/v2\/users\/1"}],"replies":[{"embeddable":true,"href":"https:\/\/herbergsvater.de\/index.php?rest_route=%2Fwp%2Fv2%2Fcomments&post=1463"}],"version-history":[{"count":14,"href":"https:\/\/herbergsvater.de\/index.php?rest_route=\/wp\/v2\/pages\/1463\/revisions"}],"predecessor-version":[{"id":2579,"href":"https:\/\/herbergsvater.de\/index.php?rest_route=\/wp\/v2\/pages\/1463\/revisions\/2579"}],"up":[{"embeddable":true,"href":"https:\/\/herbergsvater.de\/index.php?rest_route=\/wp\/v2\/pages\/33"}],"wp:attachment":[{"href":"https:\/\/herbergsvater.de\/index.php?rest_route=%2Fwp%2Fv2%2Fmedia&parent=1463"}],"curies":[{"name":"wp","href":"https:\/\/api.w.org\/{rel}","templated":true}]}}