{"id":1467,"date":"2017-02-25T01:28:48","date_gmt":"2017-02-25T00:28:48","guid":{"rendered":"http:\/\/herbergsvater.de\/WordPress_01\/?page_id=1467"},"modified":"2022-10-03T12:31:10","modified_gmt":"2022-10-03T11:31:10","slug":"2001-2","status":"publish","type":"page","link":"https:\/\/herbergsvater.de\/?page_id=1467","title":{"rendered":"2001"},"content":{"rendered":"<p><a href=\"http:\/\/herbergsvater.de\/?page_id=1465\">&lt; 2000<\/a> &nbsp;&nbsp;&nbsp; <a href=\"http:\/\/herbergsvater.de\/?page_id=1469\">2002 &gt;<\/a><\/p>\n<p><span style=\"color: #808080; font-size: 18pt;\">Unsere Termine in 2001<\/span><\/p>\n<p><strong>31.12.2001 <\/strong>(Montag, 20:00 Uhr)<br \/>\n<em>84028 Landshut<br \/>\nSilvesterball<br \/>\nBernlochnersaal (mit Ensemble Taktlos)<br \/>\n<\/em><em>L\u00e4ndtorplatz 2<br \/>\n<\/em><\/p>\n<p><strong>09.11.2001 <\/strong>(Freitag, 20:00 Uhr)<br \/>\n<em>84028 Landshut<br \/>\n20 Jahre Juz Landshut<br \/>\nJugendzentrum<br \/>\n<\/em><em>Gest\u00fctstra\u00dfe 6<br \/>\n<\/em><\/p>\n<p><strong>20.10.2001 <\/strong>(Samstag, 22:00 Uhr)<br \/>\n<em>78532 Tuttlingen<br \/>\nIsas Sport- und Tanzkeller<br \/>\n<\/em><em>Hinterm Bild (ja, die Adresse hei\u00dft so!)<br \/>\n<\/em><\/p>\n<p><strong>17.08.2001 <\/strong>(Freitag, 20:00 Uhr)<br \/>\n<em>84166 Jenkofen bei Adlkofen<br \/>\nGeburtstagsparty<br \/>\nGESCHLOSSENE GESELLSCHAFT<\/em><\/p>\n<p><strong>15.07.2001 <\/strong>(Samstag, 20:00 Uhr)<br \/>\n<em>84098 Schmatzhausen<br \/>\nGeburtstagsparty<br \/>\nGESCHLOSSENE GESELLSCHAFT<\/em><\/p>\n<p><strong>07.07.2001 <\/strong>(Samstag, 20:00 Uhr)<br \/>\n<em>92421 Schwandorf<br \/>\nB\u00fcrgerfest<br \/>\nStadtplatz<\/em><\/p>\n<p><strong>12.05.2001 <\/strong>(Samstag, 17:00 Uhr)<br \/>\n<em>93059 Regensburg<br \/>\nBlueNote-Festival<br \/>\nim K\u00d6WE-Center<\/em><\/p>\n<p><a href=\"http:\/\/herbergsvater.de\/?page_id=1465\">&lt; 2000<\/a> &nbsp;&nbsp;&nbsp; <a href=\"http:\/\/herbergsvater.de\/?page_id=1469\">2002 &gt;<\/a><\/p>\n","protected":false},"excerpt":{"rendered":"<p>&lt; 2000 &nbsp;&nbsp;&nbsp; 2002 &gt; Unsere Termine in 2001 31.12.2001 (Montag, 20:00 Uhr) 84028 Landshut Silvesterball Bernlochnersaal (mit Ensemble Taktlos) L\u00e4ndtorplatz 2 09.11.2001 (Freitag, 20:00 Uhr) 84028 Landshut 20 Jahre Juz Landshut Jugendzentrum Gest\u00fctstra\u00dfe 6 20.10.2001 (Samstag, 22:00 Uhr) 78532 Tuttlingen Isas Sport- und Tanzkeller Hinterm Bild (ja, die Adresse hei\u00dft so!) 17.08.2001 (Freitag, 20:00 &hellip; <\/p>\n<p class=\"link-more\"><a href=\"https:\/\/herbergsvater.de\/?page_id=1467\" class=\"more-link\"><span class=\"screen-reader-text\">&#8222;2001&#8220;<\/span> weiterlesen<\/a><\/p>\n","protected":false},"author":1,"featured_media":0,"parent":33,"menu_order":6,"comment_status":"closed","ping_status":"closed","template":"","meta":{"ngg_post_thumbnail":0,"footnotes":""},"class_list":["post-1467","page","type-page","status-publish","hentry"],"_links":{"self":[{"href":"https:\/\/herbergsvater.de\/index.php?rest_route=\/wp\/v2\/pages\/1467","targetHints":{"allow":["GET"]}}],"collection":[{"href":"https:\/\/herbergsvater.de\/index.php?rest_route=\/wp\/v2\/pages"}],"about":[{"href":"https:\/\/herbergsvater.de\/index.php?rest_route=\/wp\/v2\/types\/page"}],"author":[{"embeddable":true,"href":"https:\/\/herbergsvater.de\/index.php?rest_route=\/wp\/v2\/users\/1"}],"replies":[{"embeddable":true,"href":"https:\/\/herbergsvater.de\/index.php?rest_route=%2Fwp%2Fv2%2Fcomments&post=1467"}],"version-history":[{"count":7,"href":"https:\/\/herbergsvater.de\/index.php?rest_route=\/wp\/v2\/pages\/1467\/revisions"}],"predecessor-version":[{"id":2032,"href":"https:\/\/herbergsvater.de\/index.php?rest_route=\/wp\/v2\/pages\/1467\/revisions\/2032"}],"up":[{"embeddable":true,"href":"https:\/\/herbergsvater.de\/index.php?rest_route=\/wp\/v2\/pages\/33"}],"wp:attachment":[{"href":"https:\/\/herbergsvater.de\/index.php?rest_route=%2Fwp%2Fv2%2Fmedia&parent=1467"}],"curies":[{"name":"wp","href":"https:\/\/api.w.org\/{rel}","templated":true}]}}