{"id":1479,"date":"2017-02-25T01:31:22","date_gmt":"2017-02-25T00:31:22","guid":{"rendered":"http:\/\/herbergsvater.de\/WordPress_01\/?page_id=1479"},"modified":"2022-10-03T12:29:22","modified_gmt":"2022-10-03T11:29:22","slug":"2006-2","status":"publish","type":"page","link":"https:\/\/herbergsvater.de\/?page_id=1479","title":{"rendered":"2006"},"content":{"rendered":"<p><a href=\"http:\/\/herbergsvater.de\/?page_id=1477\">&lt; 2005<\/a> &nbsp;&nbsp;&nbsp; <a href=\"http:\/\/herbergsvater.de\/?page_id=1481\">2007 &gt;<\/a><\/p>\n<p><span style=\"color: #808080; font-size: 18pt;\">Unsere Termine in 2006<\/span><\/p>\n<p><strong>11.11.2006 <\/strong>(Samstag, 20:30 Uhr)<em><br \/>\n84028 Landshut<br \/>\n10-j\u00e4hriges Bandjubil\u00e4um<br \/>\nJugendzentrum Landshut<br \/>\nGest\u00fctstra\u00dfe 6<br \/>\n<\/em><\/p>\n<p><strong>25.02.2006 <\/strong>(Samstag, 16:00 Uhr)<em><br \/>\n85244 R\u00f6hrmoos \/ Sch\u00f6nbrunn bei Dachau<br \/>\nFasching im Franziskuswerk<br \/>\nPr\u00e4lat-Steininger-Stra\u00dfe 1<br \/>\n<\/em><\/p>\n<p><a href=\"http:\/\/herbergsvater.de\/?page_id=1477\">&lt; 2005<\/a> &nbsp;&nbsp;&nbsp; <a href=\"http:\/\/herbergsvater.de\/?page_id=1481\">2007 &gt;<\/a><\/p>\n","protected":false},"excerpt":{"rendered":"<p>&lt; 2005 &nbsp;&nbsp;&nbsp; 2007 &gt; Unsere Termine in 2006 11.11.2006 (Samstag, 20:30 Uhr) 84028 Landshut 10-j\u00e4hriges Bandjubil\u00e4um Jugendzentrum Landshut Gest\u00fctstra\u00dfe 6 25.02.2006 (Samstag, 16:00 Uhr) 85244 R\u00f6hrmoos \/ Sch\u00f6nbrunn bei Dachau Fasching im Franziskuswerk Pr\u00e4lat-Steininger-Stra\u00dfe 1 &lt; 2005 &nbsp;&nbsp;&nbsp; 2007 &gt;<\/p>\n","protected":false},"author":1,"featured_media":0,"parent":33,"menu_order":11,"comment_status":"closed","ping_status":"closed","template":"","meta":{"ngg_post_thumbnail":0,"footnotes":""},"class_list":["post-1479","page","type-page","status-publish","hentry"],"_links":{"self":[{"href":"https:\/\/herbergsvater.de\/index.php?rest_route=\/wp\/v2\/pages\/1479","targetHints":{"allow":["GET"]}}],"collection":[{"href":"https:\/\/herbergsvater.de\/index.php?rest_route=\/wp\/v2\/pages"}],"about":[{"href":"https:\/\/herbergsvater.de\/index.php?rest_route=\/wp\/v2\/types\/page"}],"author":[{"embeddable":true,"href":"https:\/\/herbergsvater.de\/index.php?rest_route=\/wp\/v2\/users\/1"}],"replies":[{"embeddable":true,"href":"https:\/\/herbergsvater.de\/index.php?rest_route=%2Fwp%2Fv2%2Fcomments&post=1479"}],"version-history":[{"count":7,"href":"https:\/\/herbergsvater.de\/index.php?rest_route=\/wp\/v2\/pages\/1479\/revisions"}],"predecessor-version":[{"id":2027,"href":"https:\/\/herbergsvater.de\/index.php?rest_route=\/wp\/v2\/pages\/1479\/revisions\/2027"}],"up":[{"embeddable":true,"href":"https:\/\/herbergsvater.de\/index.php?rest_route=\/wp\/v2\/pages\/33"}],"wp:attachment":[{"href":"https:\/\/herbergsvater.de\/index.php?rest_route=%2Fwp%2Fv2%2Fmedia&parent=1479"}],"curies":[{"name":"wp","href":"https:\/\/api.w.org\/{rel}","templated":true}]}}