{"id":33,"date":"2017-02-22T14:23:55","date_gmt":"2017-02-22T13:23:55","guid":{"rendered":"http:\/\/herbergsvater.de\/WordPress_01\/?page_id=33"},"modified":"2026-04-02T13:33:59","modified_gmt":"2026-04-02T12:33:59","slug":"tourdaten","status":"publish","type":"page","link":"https:\/\/herbergsvater.de\/?page_id=33","title":{"rendered":"Termine"},"content":{"rendered":"<p><a href=\"https:\/\/herbergsvater.de\/?page_id=2507\">Aktuelle Termine 2026<\/a><\/p>\n<p>Ihr wollt die Neue Deutsche Welle wieder aufleben lassen? Da haben wir was gemeinsam!<\/p>\n<p>Sehen wir uns beim n\u00e4chsten Auftritt? Sprecht uns gerne an!<\/p>\n<p>Ein bisschen fachsimpeln \u00fcber Klassiker und Kultsongs?<br \/>\nIhr habt Ideen was ihr gerne von uns h\u00f6ren w\u00fcrdet? Kommt vorbei, wir freuen uns auf euch!<\/p>\n<p>Eure Herbergsv\u00e4terinnen und -v\u00e4ter!<\/p>\n","protected":false},"excerpt":{"rendered":"<p>Aktuelle Termine 2026 Ihr wollt die Neue Deutsche Welle wieder aufleben lassen? Da haben wir was gemeinsam! Sehen wir uns beim n\u00e4chsten Auftritt? Sprecht uns gerne an! Ein bisschen fachsimpeln \u00fcber Klassiker und Kultsongs? Ihr habt Ideen was ihr gerne von uns h\u00f6ren w\u00fcrdet? Kommt vorbei, wir freuen uns auf euch! Eure Herbergsv\u00e4terinnen und -v\u00e4ter!<\/p>\n","protected":false},"author":1,"featured_media":0,"parent":0,"menu_order":0,"comment_status":"closed","ping_status":"closed","template":"","meta":{"ngg_post_thumbnail":0,"footnotes":""},"class_list":["post-33","page","type-page","status-publish","hentry"],"_links":{"self":[{"href":"https:\/\/herbergsvater.de\/index.php?rest_route=\/wp\/v2\/pages\/33","targetHints":{"allow":["GET"]}}],"collection":[{"href":"https:\/\/herbergsvater.de\/index.php?rest_route=\/wp\/v2\/pages"}],"about":[{"href":"https:\/\/herbergsvater.de\/index.php?rest_route=\/wp\/v2\/types\/page"}],"author":[{"embeddable":true,"href":"https:\/\/herbergsvater.de\/index.php?rest_route=\/wp\/v2\/users\/1"}],"replies":[{"embeddable":true,"href":"https:\/\/herbergsvater.de\/index.php?rest_route=%2Fwp%2Fv2%2Fcomments&post=33"}],"version-history":[{"count":17,"href":"https:\/\/herbergsvater.de\/index.php?rest_route=\/wp\/v2\/pages\/33\/revisions"}],"predecessor-version":[{"id":2582,"href":"https:\/\/herbergsvater.de\/index.php?rest_route=\/wp\/v2\/pages\/33\/revisions\/2582"}],"wp:attachment":[{"href":"https:\/\/herbergsvater.de\/index.php?rest_route=%2Fwp%2Fv2%2Fmedia&parent=33"}],"curies":[{"name":"wp","href":"https:\/\/api.w.org\/{rel}","templated":true}]}}